{"id":81,"date":"2017-06-01T12:27:11","date_gmt":"2017-06-01T12:27:11","guid":{"rendered":"http:\/\/www.emil.ee\/?page_id=81"},"modified":"2023-11-02T06:28:19","modified_gmt":"2023-11-02T06:28:19","slug":"81-2","status":"publish","type":"page","link":"https:\/\/www.emil.ee\/?page_id=81","title":{"rendered":"Kutsekomisjoni koosseis"},"content":{"rendered":"<h4><a href=\"https:\/\/www.kutseregister.ee\/ctrl\/et\/KAO\/vaata\/10086660\">Kutsekomisjoni koosseis<\/a><\/h4>\n<p>Martin\u0161 Sarkans (esimees) &#8211; Red Line Group O\u00dc<br \/>\nAigar Hermaste &#8211; Eesti Mehaanikainseneride Liit<br \/>\nOliver Mets\u00a0&#8211; Insero O\u00dc\/Eesti Masinat\u00f6\u00f6stuse Liit<br \/>\nAlar J\u00f5gi &#8211; ScaleupX O\u00dc<br \/>\nVello Vainola &#8211; Tallinna Tehnikak\u00f5rgkool<\/p>\n","protected":false},"excerpt":{"rendered":"<p>Kutsekomisjoni koosseis Martin\u0161 Sarkans (esimees) &#8211; Red Line Group O\u00dc Aigar Hermaste &#8211; Eesti Mehaanikainseneride Liit Oliver Mets\u00a0&#8211; Insero O\u00dc\/Eesti Masinat\u00f6\u00f6stuse Liit Alar J\u00f5gi &#8211; ScaleupX O\u00dc Vello Vainola &#8211; Tallinna Tehnikak\u00f5rgkool<\/p>\n","protected":false},"author":1,"featured_media":0,"parent":50,"menu_order":0,"comment_status":"closed","ping_status":"closed","template":"","meta":{"footnotes":""},"class_list":["post-81","page","type-page","status-publish","hentry","post-preview"],"_links":{"self":[{"href":"https:\/\/www.emil.ee\/index.php?rest_route=\/wp\/v2\/pages\/81","targetHints":{"allow":["GET"]}}],"collection":[{"href":"https:\/\/www.emil.ee\/index.php?rest_route=\/wp\/v2\/pages"}],"about":[{"href":"https:\/\/www.emil.ee\/index.php?rest_route=\/wp\/v2\/types\/page"}],"author":[{"embeddable":true,"href":"https:\/\/www.emil.ee\/index.php?rest_route=\/wp\/v2\/users\/1"}],"replies":[{"embeddable":true,"href":"https:\/\/www.emil.ee\/index.php?rest_route=%2Fwp%2Fv2%2Fcomments&post=81"}],"version-history":[{"count":5,"href":"https:\/\/www.emil.ee\/index.php?rest_route=\/wp\/v2\/pages\/81\/revisions"}],"predecessor-version":[{"id":270,"href":"https:\/\/www.emil.ee\/index.php?rest_route=\/wp\/v2\/pages\/81\/revisions\/270"}],"up":[{"embeddable":true,"href":"https:\/\/www.emil.ee\/index.php?rest_route=\/wp\/v2\/pages\/50"}],"wp:attachment":[{"href":"https:\/\/www.emil.ee\/index.php?rest_route=%2Fwp%2Fv2%2Fmedia&parent=81"}],"curies":[{"name":"wp","href":"https:\/\/api.w.org\/{rel}","templated":true}]}}